{"id":10,"date":"2022-03-25T13:41:33","date_gmt":"2022-03-25T12:41:33","guid":{"rendered":"https:\/\/www.cinemasmart.it\/?page_id=10"},"modified":"2024-01-08T00:34:36","modified_gmt":"2024-01-07T23:34:36","slug":"home","status":"publish","type":"page","link":"https:\/\/www.cinemasmart.it\/","title":{"rendered":"Home"},"content":{"rendered":"<p>[et_pb_section fb_built=&#8221;1&#8243; fullwidth=&#8221;on&#8221; _builder_version=&#8221;4.16&#8243; _module_preset=&#8221;default&#8221; global_colors_info=&#8221;{}&#8221;][et_pb_fullwidth_image src=&#8221;http:\/\/www.cinemasmart.it\/wp-content\/uploads\/2024\/01\/Copertina-Sito2.jpg&#8221; title_text=&#8221;Copertina-Sito2&#8243; _builder_version=&#8221;4.23.4&#8243; _module_preset=&#8221;default&#8221; min_height=&#8221;275px&#8221; custom_padding=&#8221;0px||0px|||&#8221; hover_enabled=&#8221;0&#8243; global_colors_info=&#8221;{}&#8221; sticky_enabled=&#8221;0&#8243;][\/et_pb_fullwidth_image][\/et_pb_section][et_pb_section fb_built=&#8221;1&#8243; _builder_version=&#8221;4.16&#8243; _module_preset=&#8221;default&#8221; custom_margin=&#8221;-83px|||||&#8221; custom_padding=&#8221;0px||8px|||&#8221; global_colors_info=&#8221;{}&#8221;][et_pb_row _builder_version=&#8221;4.16&#8243; _module_preset=&#8221;default&#8221; global_colors_info=&#8221;{}&#8221;][et_pb_column type=&#8221;4_4&#8243; _builder_version=&#8221;4.16&#8243; _module_preset=&#8221;default&#8221; global_colors_info=&#8221;{}&#8221;][et_pb_text _builder_version=&#8221;4.16&#8243; _module_preset=&#8221;default&#8221; global_colors_info=&#8221;{}&#8221;]<\/p>\n<h1 style=\"text-align: center;\"><strong>Benvenuti su CINEMA SMART:<\/strong><\/h1>\n<h2 style=\"text-align: center;\">il servizio di allestimento e proiezioni cinematografiche chiavi in mano.<\/h2>\n<p style=\"text-align: left;\">\n<p style=\"text-align: left;\">\n<p style=\"text-align: left;\">CINEMA SMART \u00e8 il servizio veloce e sicuro dedicato ad Enti, Proloco, Aziende e Privati che hanno l\u2019esigenza di proiettare una o pi\u00f9 Serate Cinema.<br \/>Il servizio prevede la fornitura e posa di tutto il \u201cservice\u201d utile al realizzo e allestimento dell\u2019arena cinematografica, inoltre sar\u00e0 sempre presente un operatore specializzato che gestir\u00e0 la proiezione durante tutta la serata. Il Team di professionisti allestir\u00e0 l\u2019area dedicata con estrema facilita e velocit\u00e0 mettendo in\u00a0 sicurezza tutta la zona di proiezione, tutto il materiale utilizzato \u00e8 accompagnato dalle rispettive schede tecniche di idoneit\u00e0 e certificazioni della casa di produzione con copertura assicurativa RC e agibilit\u00e0 Enpals.<br \/>Il servizio \u2018\u2019SMART\u2018\u2019 comprende inoltre la gestione di tutte le pratiche e l\u2019acquisto delle licenze cinematografiche, \u00e8 inoltre compresa una consulenza gratuita di come poter allestire al meglio il Vostro EVENTO.<br \/>Avrete un ampio ventaglio di scelta su svariati generi di film, oltre 7000 titoli a Vostra disposizione.<\/p>\n<p>Organizza la Tua SERATA CINEMA, al resto penseremo noi&#8230;. Gli allestimenti si possono fare sia all\u2019aperto che al chiuso<\/p>\n<p>[\/et_pb_text][\/et_pb_column][\/et_pb_row][et_pb_row column_structure=&#8221;1_5,3_5,1_5&#8243; _builder_version=&#8221;4.16&#8243; _module_preset=&#8221;default&#8221; custom_padding=&#8221;||0px|||&#8221; global_colors_info=&#8221;{}&#8221;][et_pb_column type=&#8221;1_5&#8243; _builder_version=&#8221;4.16&#8243; _module_preset=&#8221;default&#8221; global_colors_info=&#8221;{}&#8221;][\/et_pb_column][et_pb_column type=&#8221;3_5&#8243; _builder_version=&#8221;4.16&#8243; _module_preset=&#8221;default&#8221; global_colors_info=&#8221;{}&#8221;][et_pb_divider _builder_version=&#8221;4.16&#8243; _module_preset=&#8221;default&#8221; global_colors_info=&#8221;{}&#8221;][\/et_pb_divider][\/et_pb_column][et_pb_column type=&#8221;1_5&#8243; _builder_version=&#8221;4.16&#8243; _module_preset=&#8221;default&#8221; global_colors_info=&#8221;{}&#8221;][\/et_pb_column][\/et_pb_row][et_pb_row _builder_version=&#8221;4.16&#8243; _module_preset=&#8221;default&#8221; global_colors_info=&#8221;{}&#8221;][et_pb_column type=&#8221;4_4&#8243; _builder_version=&#8221;4.16&#8243; _module_preset=&#8221;default&#8221; global_colors_info=&#8221;{}&#8221;][et_pb_text _builder_version=&#8221;4.16&#8243; _module_preset=&#8221;default&#8221; global_colors_info=&#8221;{}&#8221;]<\/p>\n<h3><strong>ATTREZZATURA PROFESSIONALE DISPONIBILE:<\/strong><\/h3>\n<p>&#8211; Proiezione in formato 16: 9 \/ 16:10 in alta risoluzione full-hd Laser da 5000 AL \/ 6000 AL \/ 8000 AL<br \/>&#8211; Impianto audio professionale da 1000 W e 2500 W ( in base alla grandezza arena )<br \/>&#8211; Schermi di tipologia gonfiabile in grandezze differenti 6.00 x 4,00 mt e 8,00 x 5,00 mt<br \/>&#8211; Schermi piatti montati su struttura metallica dimensioni 4,50 x 3,00 mt e 5,00 x 3,50 mt<\/p>\n<p><span style=\"text-decoration: underline;\">Tutto il materiale utilizzato \u00e8 provvisto di schede tecniche, certificazioni della casa produttrice. <br \/>Inoltre tutte le attivit\u00e0 sono coperte da assicurazione propria.<\/span><\/p>\n<h3><\/h3>\n<h3><\/h3>\n<h3><strong>FAQ:<\/strong><\/h3>\n<p><strong>Si pu\u00f2 proiettare un film al chiuso all\u2019interno di un salone?<\/strong> <br \/><em>Certamente! l\u2019arena cinematografica pu\u00f2 essere allestita anche all\u2019interno in medi e piccoli spazi e verranno utilizzati gli schermi pi\u00f9 appropriati agli spazi utili.<\/em><\/p>\n<p><strong>Quanto tempo occorre per allestire l\u2019arena cinematografica?<\/strong><br \/><em>In media occorre poco pi\u00f9 di un ora per allestire il tutto ad Hoc.<\/em><\/p>\n<p><strong>In caso di maltempo come la serata viene persa?<\/strong><br \/><em>Assolutamente no ! in caso di maltempo la serata viene semplicemente rinviata in un\u2019altra data utile senza aumento di costi o penali alcune da pagare.<\/em><\/p>\n<p><strong>Per allestire vi dobbiamo aiutare?\u00a0<\/strong><br \/><em>Il servizio \u201cSMART\u201c non richiede alcun tipo di assistenza o aiuto da parte dell\u2019ente organizzatore.<\/em><\/p>\n<p><strong>Durante la serata \u00e8 possibile utilizzare il vostro service qualora si volesse parlare con i cittadini?<\/strong><br \/><em>Assolutamente si! Avrete a disposizione un microfono da utilizzare per qualsiasi tipo di comunicazione, senza costi aggiuntivi o limiti di tempo.<\/em><\/p>\n<p>[\/et_pb_text][\/et_pb_column][\/et_pb_row][et_pb_row column_structure=&#8221;1_5,3_5,1_5&#8243; _builder_version=&#8221;4.16&#8243; _module_preset=&#8221;default&#8221; custom_padding=&#8221;||0px|||&#8221; global_colors_info=&#8221;{}&#8221;][et_pb_column type=&#8221;1_5&#8243; _builder_version=&#8221;4.16&#8243; _module_preset=&#8221;default&#8221; global_colors_info=&#8221;{}&#8221;][\/et_pb_column][et_pb_column type=&#8221;3_5&#8243; _builder_version=&#8221;4.16&#8243; _module_preset=&#8221;default&#8221; global_colors_info=&#8221;{}&#8221;][et_pb_divider _builder_version=&#8221;4.16&#8243; _module_preset=&#8221;default&#8221; global_colors_info=&#8221;{}&#8221;][\/et_pb_divider][\/et_pb_column][et_pb_column type=&#8221;1_5&#8243; _builder_version=&#8221;4.16&#8243; _module_preset=&#8221;default&#8221; global_colors_info=&#8221;{}&#8221;][\/et_pb_column][\/et_pb_row][et_pb_row _builder_version=&#8221;4.16&#8243; _module_preset=&#8221;default&#8221; custom_padding=&#8221;0px|||||&#8221; global_colors_info=&#8221;{}&#8221;][et_pb_column type=&#8221;4_4&#8243; _builder_version=&#8221;4.16&#8243; _module_preset=&#8221;default&#8221; global_colors_info=&#8221;{}&#8221;][et_pb_text _builder_version=&#8221;4.16&#8243; _module_preset=&#8221;default&#8221; global_colors_info=&#8221;{}&#8221;]<\/p>\n<h3 style=\"text-align: center;\"><strong>CONTATTACI SUBITO<br \/><\/strong>379 1921867<\/h3>\n<p>[\/et_pb_text][et_pb_contact_form email=&#8221;info@cinemasmart.it&#8221; module_id=&#8221;contatti&#8221; _builder_version=&#8221;4.16&#8243; _module_preset=&#8221;default&#8221; _unique_id=&#8221;0b1c88e8-3187-4263-8a5b-5db897be2582&#8243; global_colors_info=&#8221;{}&#8221;][et_pb_contact_field field_id=&#8221;Name&#8221; field_title=&#8221;Nome&#8221; _builder_version=&#8221;4.16&#8243; global_colors_info=&#8221;{}&#8221; button_text_size__hover_enabled=&#8221;off&#8221; button_one_text_size__hover_enabled=&#8221;off&#8221; button_two_text_size__hover_enabled=&#8221;off&#8221; button_text_color__hover_enabled=&#8221;off&#8221; button_one_text_color__hover_enabled=&#8221;off&#8221; button_two_text_color__hover_enabled=&#8221;off&#8221; button_border_width__hover_enabled=&#8221;off&#8221; button_one_border_width__hover_enabled=&#8221;off&#8221; button_two_border_width__hover_enabled=&#8221;off&#8221; button_border_color__hover_enabled=&#8221;off&#8221; button_one_border_color__hover_enabled=&#8221;off&#8221; button_two_border_color__hover_enabled=&#8221;off&#8221; button_border_radius__hover_enabled=&#8221;off&#8221; button_one_border_radius__hover_enabled=&#8221;off&#8221; button_two_border_radius__hover_enabled=&#8221;off&#8221; button_letter_spacing__hover_enabled=&#8221;off&#8221; button_one_letter_spacing__hover_enabled=&#8221;off&#8221; button_two_letter_spacing__hover_enabled=&#8221;off&#8221; button_bg_color__hover_enabled=&#8221;off&#8221; button_one_bg_color__hover_enabled=&#8221;off&#8221; button_two_bg_color__hover_enabled=&#8221;off&#8221;][\/et_pb_contact_field][et_pb_contact_field field_id=&#8221;Email&#8221; field_title=&#8221;Indirizzo e-mail&#8221; field_type=&#8221;email&#8221; _builder_version=&#8221;4.16&#8243; width=&#8221;100%&#8221; max_width=&#8221;100%&#8221; global_colors_info=&#8221;{}&#8221; button_text_size__hover_enabled=&#8221;off&#8221; button_one_text_size__hover_enabled=&#8221;off&#8221; button_two_text_size__hover_enabled=&#8221;off&#8221; button_text_color__hover_enabled=&#8221;off&#8221; button_one_text_color__hover_enabled=&#8221;off&#8221; button_two_text_color__hover_enabled=&#8221;off&#8221; button_border_width__hover_enabled=&#8221;off&#8221; button_one_border_width__hover_enabled=&#8221;off&#8221; button_two_border_width__hover_enabled=&#8221;off&#8221; button_border_color__hover_enabled=&#8221;off&#8221; button_one_border_color__hover_enabled=&#8221;off&#8221; button_two_border_color__hover_enabled=&#8221;off&#8221; button_border_radius__hover_enabled=&#8221;off&#8221; button_one_border_radius__hover_enabled=&#8221;off&#8221; button_two_border_radius__hover_enabled=&#8221;off&#8221; button_letter_spacing__hover_enabled=&#8221;off&#8221; button_one_letter_spacing__hover_enabled=&#8221;off&#8221; button_two_letter_spacing__hover_enabled=&#8221;off&#8221; button_bg_color__hover_enabled=&#8221;off&#8221; button_one_bg_color__hover_enabled=&#8221;off&#8221; button_two_bg_color__hover_enabled=&#8221;off&#8221;][\/et_pb_contact_field][et_pb_contact_field field_id=&#8221;Telefono&#8221; field_title=&#8221;Telefono&#8221; required_mark=&#8221;off&#8221; _builder_version=&#8221;4.16&#8243; global_colors_info=&#8221;{}&#8221; button_text_size__hover_enabled=&#8221;off&#8221; button_one_text_size__hover_enabled=&#8221;off&#8221; button_two_text_size__hover_enabled=&#8221;off&#8221; button_text_color__hover_enabled=&#8221;off&#8221; button_one_text_color__hover_enabled=&#8221;off&#8221; button_two_text_color__hover_enabled=&#8221;off&#8221; button_border_width__hover_enabled=&#8221;off&#8221; button_one_border_width__hover_enabled=&#8221;off&#8221; button_two_border_width__hover_enabled=&#8221;off&#8221; button_border_color__hover_enabled=&#8221;off&#8221; button_one_border_color__hover_enabled=&#8221;off&#8221; button_two_border_color__hover_enabled=&#8221;off&#8221; button_border_radius__hover_enabled=&#8221;off&#8221; button_one_border_radius__hover_enabled=&#8221;off&#8221; button_two_border_radius__hover_enabled=&#8221;off&#8221; button_letter_spacing__hover_enabled=&#8221;off&#8221; button_one_letter_spacing__hover_enabled=&#8221;off&#8221; button_two_letter_spacing__hover_enabled=&#8221;off&#8221; button_bg_color__hover_enabled=&#8221;off&#8221; button_one_bg_color__hover_enabled=&#8221;off&#8221; button_two_bg_color__hover_enabled=&#8221;off&#8221;][\/et_pb_contact_field][et_pb_contact_field field_id=&#8221;Oggetto&#8221; field_title=&#8221;Come possiamo esserti utile?&#8221; field_type=&#8221;select&#8221; select_options=&#8221;%91{%22value%22:%22Informazioni%22,%22checked%22:0,%22dragID%22:-1},{%22value%22:%22Preventivo%22,%22checked%22:0,%22dragID%22:0},{%22value%22:%22Altro&#8230;%22,%22checked%22:0,%22dragID%22:1}%93&#8243; _builder_version=&#8221;4.16&#8243; width=&#8221;100%&#8221; max_width=&#8221;100%&#8221; global_colors_info=&#8221;{}&#8221; button_text_size__hover_enabled=&#8221;off&#8221; button_one_text_size__hover_enabled=&#8221;off&#8221; button_two_text_size__hover_enabled=&#8221;off&#8221; button_text_color__hover_enabled=&#8221;off&#8221; button_one_text_color__hover_enabled=&#8221;off&#8221; button_two_text_color__hover_enabled=&#8221;off&#8221; button_border_width__hover_enabled=&#8221;off&#8221; button_one_border_width__hover_enabled=&#8221;off&#8221; button_two_border_width__hover_enabled=&#8221;off&#8221; button_border_color__hover_enabled=&#8221;off&#8221; button_one_border_color__hover_enabled=&#8221;off&#8221; button_two_border_color__hover_enabled=&#8221;off&#8221; button_border_radius__hover_enabled=&#8221;off&#8221; button_one_border_radius__hover_enabled=&#8221;off&#8221; button_two_border_radius__hover_enabled=&#8221;off&#8221; button_letter_spacing__hover_enabled=&#8221;off&#8221; button_one_letter_spacing__hover_enabled=&#8221;off&#8221; button_two_letter_spacing__hover_enabled=&#8221;off&#8221; button_bg_color__hover_enabled=&#8221;off&#8221; button_one_bg_color__hover_enabled=&#8221;off&#8221; button_two_bg_color__hover_enabled=&#8221;off&#8221;][\/et_pb_contact_field][et_pb_contact_field field_id=&#8221;Message&#8221; field_title=&#8221;Messaggio&#8221; field_type=&#8221;text&#8221; fullwidth_field=&#8221;on&#8221; _builder_version=&#8221;4.16&#8243; global_colors_info=&#8221;{}&#8221; button_text_size__hover_enabled=&#8221;off&#8221; button_one_text_size__hover_enabled=&#8221;off&#8221; button_two_text_size__hover_enabled=&#8221;off&#8221; button_text_color__hover_enabled=&#8221;off&#8221; button_one_text_color__hover_enabled=&#8221;off&#8221; button_two_text_color__hover_enabled=&#8221;off&#8221; button_border_width__hover_enabled=&#8221;off&#8221; button_one_border_width__hover_enabled=&#8221;off&#8221; button_two_border_width__hover_enabled=&#8221;off&#8221; button_border_color__hover_enabled=&#8221;off&#8221; button_one_border_color__hover_enabled=&#8221;off&#8221; button_two_border_color__hover_enabled=&#8221;off&#8221; button_border_radius__hover_enabled=&#8221;off&#8221; button_one_border_radius__hover_enabled=&#8221;off&#8221; button_two_border_radius__hover_enabled=&#8221;off&#8221; button_letter_spacing__hover_enabled=&#8221;off&#8221; button_one_letter_spacing__hover_enabled=&#8221;off&#8221; button_two_letter_spacing__hover_enabled=&#8221;off&#8221; button_bg_color__hover_enabled=&#8221;off&#8221; button_one_bg_color__hover_enabled=&#8221;off&#8221; button_two_bg_color__hover_enabled=&#8221;off&#8221;][\/et_pb_contact_field][\/et_pb_contact_form][\/et_pb_column][\/et_pb_row][et_pb_row _builder_version=&#8221;4.16&#8243; _module_preset=&#8221;default&#8221; custom_padding=&#8221;||2px|||&#8221; global_colors_info=&#8221;{}&#8221;][et_pb_column type=&#8221;4_4&#8243; _builder_version=&#8221;4.16&#8243; _module_preset=&#8221;default&#8221; global_colors_info=&#8221;{}&#8221;][et_pb_code _builder_version=&#8221;4.16&#8243; _module_preset=&#8221;default&#8221; global_colors_info=&#8221;{}&#8221;]<a href=\"https:\/\/www.iubenda.com\/privacy-policy\/62923175\" class=\"iubenda-white iubenda-noiframe iubenda-embed iubenda-noiframe \" title=\"Privacy Policy \">Privacy Policy<\/a><script type=\"text\/javascript\">(function (w,d) {var loader = function () {var s = d.createElement(\"script\"), tag = d.getElementsByTagName(\"script\")[0]; s.src=\"https:\/\/cdn.iubenda.com\/iubenda.js\"; tag.parentNode.insertBefore(s,tag);}; if(w.addEventListener){w.addEventListener(\"load\", loader, false);}else if(w.attachEvent){w.attachEvent(\"onload\", loader);}else{w.onload = loader;}})(window, document);<\/script>[\/et_pb_code][\/et_pb_column][\/et_pb_row][\/et_pb_section]<\/p>\n","protected":false},"excerpt":{"rendered":"<p>Benvenuti su CINEMA SMART: il servizio di allestimento e proiezioni cinematografiche chiavi in mano. CINEMA SMART \u00e8 il servizio veloce e sicuro dedicato ad Enti, Proloco, Aziende e Privati che hanno l\u2019esigenza di proiettare una o pi\u00f9 Serate Cinema.Il servizio prevede la fornitura e posa di tutto il \u201cservice\u201d utile al realizzo e allestimento dell\u2019arena [&hellip;]<\/p>\n","protected":false},"author":2,"featured_media":21,"parent":0,"menu_order":0,"comment_status":"closed","ping_status":"closed","template":"","meta":{"_et_pb_use_builder":"on","_et_pb_old_content":"","_et_gb_content_width":"","footnotes":""},"class_list":["post-10","page","type-page","status-publish","has-post-thumbnail","hentry"],"yoast_head":"<!-- This site is optimized with the Yoast SEO plugin v21.7 - https:\/\/yoast.com\/wordpress\/plugins\/seo\/ -->\n<title>Home - CinemaSmart.it<\/title>\n<meta name=\"robots\" content=\"index, follow, max-snippet:-1, max-image-preview:large, max-video-preview:-1\" \/>\n<link rel=\"canonical\" href=\"http:\/\/www.cinemasmart.it\/\" \/>\n<meta property=\"og:locale\" content=\"en_US\" \/>\n<meta property=\"og:type\" content=\"article\" \/>\n<meta property=\"og:title\" content=\"Home - CinemaSmart.it\" \/>\n<meta property=\"og:description\" content=\"Benvenuti su CINEMA SMART: il servizio di allestimento e proiezioni cinematografiche chiavi in mano. CINEMA SMART \u00e8 il servizio veloce e sicuro dedicato ad Enti, Proloco, Aziende e Privati che hanno l\u2019esigenza di proiettare una o pi\u00f9 Serate Cinema.Il servizio prevede la fornitura e posa di tutto il \u201cservice\u201d utile al realizzo e allestimento dell\u2019arena [&hellip;]\" \/>\n<meta property=\"og:url\" content=\"http:\/\/www.cinemasmart.it\/\" \/>\n<meta property=\"og:site_name\" content=\"CinemaSmart.it\" \/>\n<meta property=\"article:modified_time\" content=\"2024-01-07T23:34:36+00:00\" \/>\n<meta property=\"og:image\" content=\"http:\/\/www.cinemasmart.it\/wp-content\/uploads\/2022\/03\/Copertina-Sito.jpg\" \/>\n\t<meta property=\"og:image:width\" content=\"1021\" \/>\n\t<meta property=\"og:image:height\" content=\"412\" \/>\n\t<meta property=\"og:image:type\" content=\"image\/jpeg\" \/>\n<meta name=\"twitter:card\" content=\"summary_large_image\" \/>\n<meta name=\"twitter:label1\" content=\"Est. reading time\" \/>\n\t<meta name=\"twitter:data1\" content=\"3 minutes\" \/>\n<script type=\"application\/ld+json\" class=\"yoast-schema-graph\">{\"@context\":\"https:\/\/schema.org\",\"@graph\":[{\"@type\":\"WebPage\",\"@id\":\"http:\/\/www.cinemasmart.it\/\",\"url\":\"http:\/\/www.cinemasmart.it\/\",\"name\":\"Home - CinemaSmart.it\",\"isPartOf\":{\"@id\":\"http:\/\/www.cinemasmart.it\/#website\"},\"datePublished\":\"2022-03-25T12:41:33+00:00\",\"dateModified\":\"2024-01-07T23:34:36+00:00\",\"breadcrumb\":{\"@id\":\"http:\/\/www.cinemasmart.it\/#breadcrumb\"},\"inLanguage\":\"en-US\",\"potentialAction\":[{\"@type\":\"ReadAction\",\"target\":[\"http:\/\/www.cinemasmart.it\/\"]}]},{\"@type\":\"BreadcrumbList\",\"@id\":\"http:\/\/www.cinemasmart.it\/#breadcrumb\",\"itemListElement\":[{\"@type\":\"ListItem\",\"position\":1,\"name\":\"Home\",\"item\":\"http:\/\/www.cinemasmart.it\/\"},{\"@type\":\"ListItem\",\"position\":2,\"name\":\"Home\"}]},{\"@type\":\"WebSite\",\"@id\":\"http:\/\/www.cinemasmart.it\/#website\",\"url\":\"http:\/\/www.cinemasmart.it\/\",\"name\":\"CinemaSmart.it\",\"description\":\"il Servizio per creare la tua Serata Cinema\",\"publisher\":{\"@id\":\"http:\/\/www.cinemasmart.it\/#organization\"},\"potentialAction\":[{\"@type\":\"SearchAction\",\"target\":{\"@type\":\"EntryPoint\",\"urlTemplate\":\"http:\/\/www.cinemasmart.it\/?s={search_term_string}\"},\"query-input\":\"required name=search_term_string\"}],\"inLanguage\":\"en-US\"},{\"@type\":\"Organization\",\"@id\":\"http:\/\/www.cinemasmart.it\/#organization\",\"name\":\"CinemaSmart.it\",\"url\":\"http:\/\/www.cinemasmart.it\/\",\"logo\":{\"@type\":\"ImageObject\",\"inLanguage\":\"en-US\",\"@id\":\"http:\/\/www.cinemasmart.it\/#\/schema\/logo\/image\/\",\"url\":\"https:\/\/www.cinemasmart.it\/wp-content\/uploads\/2022\/03\/CinemaSmart2-1024x667.png\",\"contentUrl\":\"https:\/\/www.cinemasmart.it\/wp-content\/uploads\/2022\/03\/CinemaSmart2-1024x667.png\",\"width\":1024,\"height\":667,\"caption\":\"CinemaSmart.it\"},\"image\":{\"@id\":\"http:\/\/www.cinemasmart.it\/#\/schema\/logo\/image\/\"}}]}<\/script>\n<!-- \/ Yoast SEO plugin. -->","yoast_head_json":{"title":"Home - CinemaSmart.it","robots":{"index":"index","follow":"follow","max-snippet":"max-snippet:-1","max-image-preview":"max-image-preview:large","max-video-preview":"max-video-preview:-1"},"canonical":"http:\/\/www.cinemasmart.it\/","og_locale":"en_US","og_type":"article","og_title":"Home - CinemaSmart.it","og_description":"Benvenuti su CINEMA SMART: il servizio di allestimento e proiezioni cinematografiche chiavi in mano. CINEMA SMART \u00e8 il servizio veloce e sicuro dedicato ad Enti, Proloco, Aziende e Privati che hanno l\u2019esigenza di proiettare una o pi\u00f9 Serate Cinema.Il servizio prevede la fornitura e posa di tutto il \u201cservice\u201d utile al realizzo e allestimento dell\u2019arena [&hellip;]","og_url":"http:\/\/www.cinemasmart.it\/","og_site_name":"CinemaSmart.it","article_modified_time":"2024-01-07T23:34:36+00:00","og_image":[{"width":1021,"height":412,"url":"http:\/\/www.cinemasmart.it\/wp-content\/uploads\/2022\/03\/Copertina-Sito.jpg","type":"image\/jpeg"}],"twitter_card":"summary_large_image","twitter_misc":{"Est. reading time":"3 minutes"},"schema":{"@context":"https:\/\/schema.org","@graph":[{"@type":"WebPage","@id":"http:\/\/www.cinemasmart.it\/","url":"http:\/\/www.cinemasmart.it\/","name":"Home - CinemaSmart.it","isPartOf":{"@id":"http:\/\/www.cinemasmart.it\/#website"},"datePublished":"2022-03-25T12:41:33+00:00","dateModified":"2024-01-07T23:34:36+00:00","breadcrumb":{"@id":"http:\/\/www.cinemasmart.it\/#breadcrumb"},"inLanguage":"en-US","potentialAction":[{"@type":"ReadAction","target":["http:\/\/www.cinemasmart.it\/"]}]},{"@type":"BreadcrumbList","@id":"http:\/\/www.cinemasmart.it\/#breadcrumb","itemListElement":[{"@type":"ListItem","position":1,"name":"Home","item":"http:\/\/www.cinemasmart.it\/"},{"@type":"ListItem","position":2,"name":"Home"}]},{"@type":"WebSite","@id":"http:\/\/www.cinemasmart.it\/#website","url":"http:\/\/www.cinemasmart.it\/","name":"CinemaSmart.it","description":"il Servizio per creare la tua Serata Cinema","publisher":{"@id":"http:\/\/www.cinemasmart.it\/#organization"},"potentialAction":[{"@type":"SearchAction","target":{"@type":"EntryPoint","urlTemplate":"http:\/\/www.cinemasmart.it\/?s={search_term_string}"},"query-input":"required name=search_term_string"}],"inLanguage":"en-US"},{"@type":"Organization","@id":"http:\/\/www.cinemasmart.it\/#organization","name":"CinemaSmart.it","url":"http:\/\/www.cinemasmart.it\/","logo":{"@type":"ImageObject","inLanguage":"en-US","@id":"http:\/\/www.cinemasmart.it\/#\/schema\/logo\/image\/","url":"https:\/\/www.cinemasmart.it\/wp-content\/uploads\/2022\/03\/CinemaSmart2-1024x667.png","contentUrl":"https:\/\/www.cinemasmart.it\/wp-content\/uploads\/2022\/03\/CinemaSmart2-1024x667.png","width":1024,"height":667,"caption":"CinemaSmart.it"},"image":{"@id":"http:\/\/www.cinemasmart.it\/#\/schema\/logo\/image\/"}}]}},"_links":{"self":[{"href":"https:\/\/www.cinemasmart.it\/index.php\/wp-json\/wp\/v2\/pages\/10","targetHints":{"allow":["GET"]}}],"collection":[{"href":"https:\/\/www.cinemasmart.it\/index.php\/wp-json\/wp\/v2\/pages"}],"about":[{"href":"https:\/\/www.cinemasmart.it\/index.php\/wp-json\/wp\/v2\/types\/page"}],"author":[{"embeddable":true,"href":"https:\/\/www.cinemasmart.it\/index.php\/wp-json\/wp\/v2\/users\/2"}],"replies":[{"embeddable":true,"href":"https:\/\/www.cinemasmart.it\/index.php\/wp-json\/wp\/v2\/comments?post=10"}],"version-history":[{"count":6,"href":"https:\/\/www.cinemasmart.it\/index.php\/wp-json\/wp\/v2\/pages\/10\/revisions"}],"predecessor-version":[{"id":62,"href":"https:\/\/www.cinemasmart.it\/index.php\/wp-json\/wp\/v2\/pages\/10\/revisions\/62"}],"wp:featuredmedia":[{"embeddable":true,"href":"https:\/\/www.cinemasmart.it\/index.php\/wp-json\/wp\/v2\/media\/21"}],"wp:attachment":[{"href":"https:\/\/www.cinemasmart.it\/index.php\/wp-json\/wp\/v2\/media?parent=10"}],"curies":[{"name":"wp","href":"https:\/\/api.w.org\/{rel}","templated":true}]}}